{"id":1595,"date":"2017-11-03T08:24:04","date_gmt":"2017-11-03T08:24:04","guid":{"rendered":"http:\/\/luiscarnicero.es\/?page_id=1595"},"modified":"2017-11-23T15:31:04","modified_gmt":"2017-11-23T15:31:04","slug":"poesia","status":"publish","type":"page","link":"https:\/\/luiscarnicero.es\/?page_id=1595","title":{"rendered":"Viaje Fingido al Horizonte"},"content":{"rendered":"<h1 class=\"TitularEnNoticia\"><\/h1>\n<p><img decoding=\"async\" src=\"http:\/\/zetaestaticos.com\/leon\/img\/noticias\/1\/200\/1200814_1.jpg\" alt=\"LUIS CARNICERO - \" \/><\/p>\n<p><span style=\"color: #000000;\">Cada contemplaci\u00f3n es un viaje, y, dejado el Para\u00edso, cualquier viaje es un intento de regreso. Sent\u00edan la amanecida, desde el noroeste, con los respiros de la sangre. Un l\u00e1tigo hundido, vegetal, les ense\u00f1\u00f3 a escuchar, aguas arriba, el aire emboscado y las corrientes. Iban ascendiendo a U, al norte, a la Monta\u00f1a, entre la niebla, paredes y canchales.<\/span><\/p>\n<p><span style=\"color: #000000;\">Al elevarse, aprendieron los s\u00edmbolos sagrados, la altitud y los escenarios de la Soledad, la b\u00fasqueda de la oquedad en la lluvia, y el aviso del Volc\u00e1n con el hurac\u00e1n y la tormenta. Con la calma, pusieron las manos en la Piedra. Detr\u00e1s del arco iris, por encima de las nubes, vieron el mar como una inmensa lengua prolongada de la fragua del Azul. Y ni la Noche pudo apagar lo que se dibujaba en la lejan\u00eda como un bramido de luz licuada. Acaso sus ra\u00edces estuvieran en el Infierno, pero sus cuerpos all\u00ed eran dos columnas soportando el universo.<\/span><\/p>\n<p><span style=\"color: #000000;\">Con el vuelo del ave descubrieron la belleza de sus vientres. Y, sin alas con las que poder trazar signos en el viento, aprendieron a dejar su latir sobre la roca: la propia caliza caligrafiar\u00eda con el tiempo las letras de sus nombres.<\/span><\/p>\n<p><span style=\"color: #000000;\">Descendiendo, sintieron la llanura, desde el aroma de lo alto, como un ef\u00edmero mantel de fuego. Y anduvieron hacia ella, hacia el agua oculta. Con el curso de los d\u00edas y del r\u00edo, volvieron al P\u00e1ramo para reconocerse en la entrega de la Presa.<\/span><\/p>\n<p><span style=\"color: #000000;\">Educada la Mirada, como si construyeran un cobijo, pronunciaron la Palabra. Erguidos, puestos en cruz sobre la uni\u00f3n de Tierra y Cielo, otra vez, amanec\u00eda. Y se vieron reflejados en las fases de la Luna, hirviendo su sangre en la del Sol. Y comprendieron que, a la espera del origen, de los mitos, la liturgia es caminar eternamente en el asombro, en la Nube, hasta quedarse, olvidando, como el \u00c1rbol. Y habitaron para siempre el Horizonte como si fuera una isla de una sola dimensi\u00f3n, el infinito.<\/span><\/p>\n","protected":false},"excerpt":{"rendered":"<p>Cada contemplaci\u00f3n es un viaje, y, dejado el Para\u00edso, cualquier viaje es un intento de regreso. Sent\u00edan la amanecida, desde el noroeste, con los respiros de la sangre. Un l\u00e1tigo hundido, vegetal, les ense\u00f1\u00f3 a escuchar, aguas arriba, el aire emboscado y las corrientes. Iban ascendiendo a U, al norte, a la Monta\u00f1a, entre la [&hellip;]<\/p>\n","protected":false},"author":1,"featured_media":0,"parent":0,"menu_order":0,"comment_status":"closed","ping_status":"open","template":"","meta":{"footnotes":""},"class_list":["post-1595","page","type-page","status-publish","hentry"],"yoast_head":"<!-- This site is optimized with the Yoast SEO plugin v26.7 - https:\/\/yoast.com\/wordpress\/plugins\/seo\/ -->\n<title>Viaje Fingido al Horizonte - Luis Carnicero<\/title>\n<meta name=\"robots\" content=\"index, follow, max-snippet:-1, max-image-preview:large, max-video-preview:-1\" \/>\n<link rel=\"canonical\" href=\"https:\/\/luiscarnicero.es\/?page_id=1595\" \/>\n<meta property=\"og:locale\" content=\"es_ES\" \/>\n<meta property=\"og:type\" content=\"article\" \/>\n<meta property=\"og:title\" content=\"Viaje Fingido al Horizonte - Luis Carnicero\" \/>\n<meta property=\"og:description\" content=\"Cada contemplaci\u00f3n es un viaje, y, dejado el Para\u00edso, cualquier viaje es un intento de regreso. Sent\u00edan la amanecida, desde el noroeste, con los respiros de la sangre. Un l\u00e1tigo hundido, vegetal, les ense\u00f1\u00f3 a escuchar, aguas arriba, el aire emboscado y las corrientes. Iban ascendiendo a U, al norte, a la Monta\u00f1a, entre la [&hellip;]\" \/>\n<meta property=\"og:url\" content=\"https:\/\/luiscarnicero.es\/?page_id=1595\" \/>\n<meta property=\"og:site_name\" content=\"Luis Carnicero\" \/>\n<meta property=\"article:modified_time\" content=\"2017-11-23T15:31:04+00:00\" \/>\n<meta property=\"og:image\" content=\"http:\/\/zetaestaticos.com\/leon\/img\/noticias\/1\/200\/1200814_1.jpg\" \/>\n<meta name=\"twitter:card\" content=\"summary_large_image\" \/>\n<meta name=\"twitter:label1\" content=\"Tiempo de lectura\" \/>\n\t<meta name=\"twitter:data1\" content=\"2 minutos\" \/>\n<script type=\"application\/ld+json\" class=\"yoast-schema-graph\">{\"@context\":\"https:\/\/schema.org\",\"@graph\":[{\"@type\":\"WebPage\",\"@id\":\"https:\/\/luiscarnicero.es\/?page_id=1595\",\"url\":\"https:\/\/luiscarnicero.es\/?page_id=1595\",\"name\":\"Viaje Fingido al Horizonte - Luis Carnicero\",\"isPartOf\":{\"@id\":\"https:\/\/luiscarnicero.es\/#website\"},\"primaryImageOfPage\":{\"@id\":\"https:\/\/luiscarnicero.es\/?page_id=1595#primaryimage\"},\"image\":{\"@id\":\"https:\/\/luiscarnicero.es\/?page_id=1595#primaryimage\"},\"thumbnailUrl\":\"http:\/\/zetaestaticos.com\/leon\/img\/noticias\/1\/200\/1200814_1.jpg\",\"datePublished\":\"2017-11-03T08:24:04+00:00\",\"dateModified\":\"2017-11-23T15:31:04+00:00\",\"breadcrumb\":{\"@id\":\"https:\/\/luiscarnicero.es\/?page_id=1595#breadcrumb\"},\"inLanguage\":\"es\",\"potentialAction\":[{\"@type\":\"ReadAction\",\"target\":[\"https:\/\/luiscarnicero.es\/?page_id=1595\"]}]},{\"@type\":\"ImageObject\",\"inLanguage\":\"es\",\"@id\":\"https:\/\/luiscarnicero.es\/?page_id=1595#primaryimage\",\"url\":\"http:\/\/zetaestaticos.com\/leon\/img\/noticias\/1\/200\/1200814_1.jpg\",\"contentUrl\":\"http:\/\/zetaestaticos.com\/leon\/img\/noticias\/1\/200\/1200814_1.jpg\"},{\"@type\":\"BreadcrumbList\",\"@id\":\"https:\/\/luiscarnicero.es\/?page_id=1595#breadcrumb\",\"itemListElement\":[{\"@type\":\"ListItem\",\"position\":1,\"name\":\"Portada\",\"item\":\"https:\/\/luiscarnicero.es\/\"},{\"@type\":\"ListItem\",\"position\":2,\"name\":\"Viaje Fingido al Horizonte\"}]},{\"@type\":\"WebSite\",\"@id\":\"https:\/\/luiscarnicero.es\/#website\",\"url\":\"https:\/\/luiscarnicero.es\/\",\"name\":\"Luis Carnicero\",\"description\":\"Arquitecto y poeta\",\"potentialAction\":[{\"@type\":\"SearchAction\",\"target\":{\"@type\":\"EntryPoint\",\"urlTemplate\":\"https:\/\/luiscarnicero.es\/?s={search_term_string}\"},\"query-input\":{\"@type\":\"PropertyValueSpecification\",\"valueRequired\":true,\"valueName\":\"search_term_string\"}}],\"inLanguage\":\"es\"}]}<\/script>\n<!-- \/ Yoast SEO plugin. -->","yoast_head_json":{"title":"Viaje Fingido al Horizonte - Luis Carnicero","robots":{"index":"index","follow":"follow","max-snippet":"max-snippet:-1","max-image-preview":"max-image-preview:large","max-video-preview":"max-video-preview:-1"},"canonical":"https:\/\/luiscarnicero.es\/?page_id=1595","og_locale":"es_ES","og_type":"article","og_title":"Viaje Fingido al Horizonte - Luis Carnicero","og_description":"Cada contemplaci\u00f3n es un viaje, y, dejado el Para\u00edso, cualquier viaje es un intento de regreso. Sent\u00edan la amanecida, desde el noroeste, con los respiros de la sangre. Un l\u00e1tigo hundido, vegetal, les ense\u00f1\u00f3 a escuchar, aguas arriba, el aire emboscado y las corrientes. Iban ascendiendo a U, al norte, a la Monta\u00f1a, entre la [&hellip;]","og_url":"https:\/\/luiscarnicero.es\/?page_id=1595","og_site_name":"Luis Carnicero","article_modified_time":"2017-11-23T15:31:04+00:00","og_image":[{"url":"http:\/\/zetaestaticos.com\/leon\/img\/noticias\/1\/200\/1200814_1.jpg","type":"","width":"","height":""}],"twitter_card":"summary_large_image","twitter_misc":{"Tiempo de lectura":"2 minutos"},"schema":{"@context":"https:\/\/schema.org","@graph":[{"@type":"WebPage","@id":"https:\/\/luiscarnicero.es\/?page_id=1595","url":"https:\/\/luiscarnicero.es\/?page_id=1595","name":"Viaje Fingido al Horizonte - Luis Carnicero","isPartOf":{"@id":"https:\/\/luiscarnicero.es\/#website"},"primaryImageOfPage":{"@id":"https:\/\/luiscarnicero.es\/?page_id=1595#primaryimage"},"image":{"@id":"https:\/\/luiscarnicero.es\/?page_id=1595#primaryimage"},"thumbnailUrl":"http:\/\/zetaestaticos.com\/leon\/img\/noticias\/1\/200\/1200814_1.jpg","datePublished":"2017-11-03T08:24:04+00:00","dateModified":"2017-11-23T15:31:04+00:00","breadcrumb":{"@id":"https:\/\/luiscarnicero.es\/?page_id=1595#breadcrumb"},"inLanguage":"es","potentialAction":[{"@type":"ReadAction","target":["https:\/\/luiscarnicero.es\/?page_id=1595"]}]},{"@type":"ImageObject","inLanguage":"es","@id":"https:\/\/luiscarnicero.es\/?page_id=1595#primaryimage","url":"http:\/\/zetaestaticos.com\/leon\/img\/noticias\/1\/200\/1200814_1.jpg","contentUrl":"http:\/\/zetaestaticos.com\/leon\/img\/noticias\/1\/200\/1200814_1.jpg"},{"@type":"BreadcrumbList","@id":"https:\/\/luiscarnicero.es\/?page_id=1595#breadcrumb","itemListElement":[{"@type":"ListItem","position":1,"name":"Portada","item":"https:\/\/luiscarnicero.es\/"},{"@type":"ListItem","position":2,"name":"Viaje Fingido al Horizonte"}]},{"@type":"WebSite","@id":"https:\/\/luiscarnicero.es\/#website","url":"https:\/\/luiscarnicero.es\/","name":"Luis Carnicero","description":"Arquitecto y poeta","potentialAction":[{"@type":"SearchAction","target":{"@type":"EntryPoint","urlTemplate":"https:\/\/luiscarnicero.es\/?s={search_term_string}"},"query-input":{"@type":"PropertyValueSpecification","valueRequired":true,"valueName":"search_term_string"}}],"inLanguage":"es"}]}},"_links":{"self":[{"href":"https:\/\/luiscarnicero.es\/index.php?rest_route=\/wp\/v2\/pages\/1595","targetHints":{"allow":["GET"]}}],"collection":[{"href":"https:\/\/luiscarnicero.es\/index.php?rest_route=\/wp\/v2\/pages"}],"about":[{"href":"https:\/\/luiscarnicero.es\/index.php?rest_route=\/wp\/v2\/types\/page"}],"author":[{"embeddable":true,"href":"https:\/\/luiscarnicero.es\/index.php?rest_route=\/wp\/v2\/users\/1"}],"replies":[{"embeddable":true,"href":"https:\/\/luiscarnicero.es\/index.php?rest_route=%2Fwp%2Fv2%2Fcomments&post=1595"}],"version-history":[{"count":5,"href":"https:\/\/luiscarnicero.es\/index.php?rest_route=\/wp\/v2\/pages\/1595\/revisions"}],"predecessor-version":[{"id":1686,"href":"https:\/\/luiscarnicero.es\/index.php?rest_route=\/wp\/v2\/pages\/1595\/revisions\/1686"}],"wp:attachment":[{"href":"https:\/\/luiscarnicero.es\/index.php?rest_route=%2Fwp%2Fv2%2Fmedia&parent=1595"}],"curies":[{"name":"wp","href":"https:\/\/api.w.org\/{rel}","templated":true}]}}